{"id":7050,"date":"2022-05-02T08:58:41","date_gmt":"2022-05-02T06:58:41","guid":{"rendered":"https:\/\/www.groupe-sterne.com\/?page_id=7050"},"modified":"2022-05-02T09:01:24","modified_gmt":"2022-05-02T07:01:24","slug":"livres-blancs","status":"publish","type":"page","link":"https:\/\/www.groupe-sterne.com\/fr\/livres-blancs\/","title":{"rendered":"Livres blancs"},"content":{"rendered":"\t\t<div data-elementor-type=\"wp-page\" data-elementor-id=\"7050\" class=\"elementor elementor-7050 elementor-7049\" data-elementor-post-type=\"page\">\n\t\t\t\t\t\t<section class=\"elementor-section elementor-top-section elementor-element elementor-element-efeb642 elementor-section-height-min-height elementor-section-boxed elementor-section-height-default elementor-section-items-middle\" data-id=\"efeb642\" data-element_type=\"section\" data-e-type=\"section\" data-settings=\"{&quot;background_background&quot;:&quot;classic&quot;}\">\n\t\t\t\t\t\t<div class=\"elementor-container elementor-column-gap-default\">\n\t\t\t\t\t<div class=\"elementor-column elementor-col-50 elementor-top-column elementor-element elementor-element-9a7c355\" data-id=\"9a7c355\" data-element_type=\"column\" data-e-type=\"column\">\n\t\t\t<div class=\"elementor-widget-wrap elementor-element-populated\">\n\t\t\t\t\t\t<div class=\"elementor-element elementor-element-bbe099b elementor-widget elementor-widget-heading\" data-id=\"bbe099b\" data-element_type=\"widget\" data-e-type=\"widget\" data-widget_type=\"heading.default\">\n\t\t\t\t<div class=\"elementor-widget-container\">\n\t\t\t\t\t<h2 class=\"elementor-heading-title elementor-size-default\">Livres Blancs<\/h2>\t\t\t\t<\/div>\n\t\t\t\t<\/div>\n\t\t\t\t\t<\/div>\n\t\t<\/div>\n\t\t\t\t<div class=\"elementor-column elementor-col-50 elementor-top-column elementor-element elementor-element-c807398 elementor-hidden-mobile\" data-id=\"c807398\" data-element_type=\"column\" data-e-type=\"column\">\n\t\t\t<div class=\"elementor-widget-wrap\">\n\t\t\t\t\t\t\t<\/div>\n\t\t<\/div>\n\t\t\t\t\t<\/div>\n\t\t<\/section>\n\t\t\t\t<section class=\"elementor-section elementor-top-section elementor-element elementor-element-885c0e9 animated-slow elementor-section-content-top elementor-section-boxed elementor-section-height-default elementor-section-height-default elementor-invisible\" data-id=\"885c0e9\" data-element_type=\"section\" data-e-type=\"section\" data-settings=\"{&quot;animation&quot;:&quot;fadeIn&quot;}\">\n\t\t\t\t\t\t<div class=\"elementor-container elementor-column-gap-default\">\n\t\t\t\t\t<div class=\"elementor-column elementor-col-100 elementor-top-column elementor-element elementor-element-f5ed785 elementor-invisible\" data-id=\"f5ed785\" data-element_type=\"column\" data-e-type=\"column\" data-settings=\"{&quot;animation&quot;:&quot;fadeInUp&quot;}\">\n\t\t\t<div class=\"elementor-widget-wrap elementor-element-populated\">\n\t\t\t\t\t\t<div class=\"elementor-element elementor-element-8fd4ebe elementor-widget elementor-widget-text-editor\" data-id=\"8fd4ebe\" data-element_type=\"widget\" data-e-type=\"widget\" data-widget_type=\"text-editor.default\">\n\t\t\t\t<div class=\"elementor-widget-container\">\n\t\t\t\t\t\t\t\t\t<span><span><a href=\"https:\/\/www.groupe-sterne.com\/fr\/\">Accueil<\/a><\/span><\/span>\t\t\t\t\t\t\t\t<\/div>\n\t\t\t\t<\/div>\n\t\t\t\t\t<\/div>\n\t\t<\/div>\n\t\t\t\t\t<\/div>\n\t\t<\/section>\n\t\t\t\t<section class=\"elementor-section elementor-top-section elementor-element elementor-element-daf4343 elementor-section-boxed elementor-section-height-default elementor-section-height-default\" data-id=\"daf4343\" data-element_type=\"section\" data-e-type=\"section\">\n\t\t\t\t\t\t<div class=\"elementor-container elementor-column-gap-default\">\n\t\t\t\t\t<div class=\"elementor-column elementor-col-100 elementor-top-column elementor-element elementor-element-3ee77bb elementor-invisible\" data-id=\"3ee77bb\" data-element_type=\"column\" data-e-type=\"column\" data-settings=\"{&quot;animation&quot;:&quot;slideInRight&quot;}\">\n\t\t\t<div class=\"elementor-widget-wrap elementor-element-populated\">\n\t\t\t\t\t\t<div class=\"elementor-element elementor-element-5c4365c elementor-grid-2 elementor-grid-tablet-1 elementor-grid-mobile-1 elementor-posts--thumbnail-top elementor-widget elementor-widget-posts\" data-id=\"5c4365c\" data-element_type=\"widget\" data-e-type=\"widget\" data-settings=\"{&quot;classic_columns&quot;:&quot;2&quot;,&quot;classic_columns_tablet&quot;:&quot;1&quot;,&quot;pagination_type&quot;:&quot;prev_next&quot;,&quot;classic_columns_mobile&quot;:&quot;1&quot;,&quot;classic_row_gap&quot;:{&quot;unit&quot;:&quot;px&quot;,&quot;size&quot;:35,&quot;sizes&quot;:[]},&quot;classic_row_gap_tablet&quot;:{&quot;unit&quot;:&quot;px&quot;,&quot;size&quot;:&quot;&quot;,&quot;sizes&quot;:[]},&quot;classic_row_gap_mobile&quot;:{&quot;unit&quot;:&quot;px&quot;,&quot;size&quot;:&quot;&quot;,&quot;sizes&quot;:[]}}\" data-widget_type=\"posts.classic\">\n\t\t\t\t<div class=\"elementor-widget-container\">\n\t\t\t\t\t\t\t<div class=\"elementor-posts-container elementor-posts elementor-posts--skin-classic elementor-grid\" role=\"list\">\n\t\t\t\t<article class=\"elementor-post elementor-grid-item post-7951 post type-post status-publish format-standard has-post-thumbnail hentry category-livre-blanc tag-carbone tag-courrier tag-digitalisation tag-documents-2 tag-environnement tag-flux tag-massification tag-mutualisation tag-mutuelles tag-reverse-logistics tag-solutions tag-tertiaire tag-tournees\" role=\"listitem\">\n\t\t\t\t<a class=\"elementor-post__thumbnail__link\" href=\"https:\/\/www.groupe-sterne.com\/fr\/livre-blanc-professionnels-du-tertiaire-logistique\/\" tabindex=\"-1\" >\n\t\t\t<div class=\"elementor-post__thumbnail\"><img fetchpriority=\"high\" decoding=\"async\" width=\"768\" height=\"512\" src=\"https:\/\/www.groupe-sterne.com\/wp-content\/uploads\/2022\/10\/IMG_2259-e1586943793892@2x-768x512.jpg\" class=\"attachment-medium_large size-medium_large wp-image-7952\" alt=\"\" srcset=\"https:\/\/www.groupe-sterne.com\/wp-content\/uploads\/2022\/10\/IMG_2259-e1586943793892@2x-768x512.jpg 768w, https:\/\/www.groupe-sterne.com\/wp-content\/uploads\/2022\/10\/IMG_2259-e1586943793892@2x-300x200.jpg 300w, https:\/\/www.groupe-sterne.com\/wp-content\/uploads\/2022\/10\/IMG_2259-e1586943793892@2x.jpg 1024w\" sizes=\"(max-width: 768px) 100vw, 768px\" \/><\/div>\n\t\t<\/a>\n\t\t\t\t<div class=\"elementor-post__text\">\n\t\t\t\t<h3 class=\"elementor-post__title\">\n\t\t\t<a href=\"https:\/\/www.groupe-sterne.com\/fr\/livre-blanc-professionnels-du-tertiaire-logistique\/\" >\n\t\t\t\t[ LIVRE BLANC ] Professionnels du tertiaire :  6 conseils pour r\u00e9duire vos co\u00fbts logistiques et votre empreinte carbone en 2026\t\t\t<\/a>\n\t\t<\/h3>\n\t\t\t\t<div class=\"elementor-post__excerpt\">\n\t\t\t<p>Face \u00e0 la mont\u00e9e des banques et assurances en ligne, \u00e0 la d\u00e9mat\u00e9rialisation et aux objectifs RSE, il est essentiel de repenser votre Supply Chain. Nous vous partagerons 6 conseils pour transformer votre logistique en avantage concurrentiel dans un secteur en pleine \u00e9volution.<\/p>\n\t\t<\/div>\n\t\t\n\t\t<a class=\"elementor-post__read-more\" href=\"https:\/\/www.groupe-sterne.com\/fr\/livre-blanc-professionnels-du-tertiaire-logistique\/\" aria-label=\"En savoir plus sur [ LIVRE BLANC ] Professionnels du tertiaire :  6 conseils pour r\u00e9duire vos co\u00fbts logistiques et votre empreinte carbone en 2026\" tabindex=\"-1\" >\n\t\t\tLire la suite\t\t<\/a>\n\n\t\t\t\t<\/div>\n\t\t\t\t<\/article>\n\t\t\t\t<article class=\"elementor-post elementor-grid-item post-9455 post type-post status-publish format-standard has-post-thumbnail hentry category-livre-blanc tag-bascarbone tag-bijoutiers tag-ebook-2 tag-hbjo tag-horlogers tag-joaillier tag-livreblanc tag-logistique tag-luxe tag-optimisation tag-orfevres tag-securite tag-transport tag-ultraluxe\" role=\"listitem\">\n\t\t\t\t<a class=\"elementor-post__thumbnail__link\" href=\"https:\/\/www.groupe-sterne.com\/fr\/livre-blanc-bijoutiers-joailliers-horlogers-orfevres-specialistes-des-metaux-precieux-comment-disposer-dune-supply-chain-securisee-et-bas-carbone\/\" tabindex=\"-1\" >\n\t\t\t<div class=\"elementor-post__thumbnail\"><img decoding=\"async\" width=\"768\" height=\"432\" src=\"https:\/\/www.groupe-sterne.com\/wp-content\/uploads\/2023\/04\/AdobeStock_286543195-768x432.jpeg\" class=\"attachment-medium_large size-medium_large wp-image-9182\" alt=\"\" srcset=\"https:\/\/www.groupe-sterne.com\/wp-content\/uploads\/2023\/04\/AdobeStock_286543195-768x432.jpeg 768w, https:\/\/www.groupe-sterne.com\/wp-content\/uploads\/2023\/04\/AdobeStock_286543195-300x169.jpeg 300w, https:\/\/www.groupe-sterne.com\/wp-content\/uploads\/2023\/04\/AdobeStock_286543195-1024x576.jpeg 1024w, https:\/\/www.groupe-sterne.com\/wp-content\/uploads\/2023\/04\/AdobeStock_286543195-1536x864.jpeg 1536w, https:\/\/www.groupe-sterne.com\/wp-content\/uploads\/2023\/04\/AdobeStock_286543195-2048x1152.jpeg 2048w\" sizes=\"(max-width: 768px) 100vw, 768px\" \/><\/div>\n\t\t<\/a>\n\t\t\t\t<div class=\"elementor-post__text\">\n\t\t\t\t<h3 class=\"elementor-post__title\">\n\t\t\t<a href=\"https:\/\/www.groupe-sterne.com\/fr\/livre-blanc-bijoutiers-joailliers-horlogers-orfevres-specialistes-des-metaux-precieux-comment-disposer-dune-supply-chain-securisee-et-bas-carbone\/\" >\n\t\t\t\t[ LIVRE BLANC ] Professionnels\u00a0de l&rsquo;horlogerie, bijouterie, joaillerie et orf\u00e8vrerie: comment disposer d&rsquo;une supply chain s\u00e9curis\u00e9e et bas carbone ?\t\t\t<\/a>\n\t\t<\/h3>\n\t\t\t\t<div class=\"elementor-post__excerpt\">\n\t\t\t<p>Professionnels de l&rsquo;HBJO, retrouvez l&rsquo;ultime guide pour disposer d&rsquo;une supply chain s\u00e9curis\u00e9e et bas carbone <\/p>\n\t\t<\/div>\n\t\t\n\t\t<a class=\"elementor-post__read-more\" href=\"https:\/\/www.groupe-sterne.com\/fr\/livre-blanc-bijoutiers-joailliers-horlogers-orfevres-specialistes-des-metaux-precieux-comment-disposer-dune-supply-chain-securisee-et-bas-carbone\/\" aria-label=\"En savoir plus sur [ LIVRE BLANC ] Professionnels\u00a0de l&rsquo;horlogerie, bijouterie, joaillerie et orf\u00e8vrerie: comment disposer d&rsquo;une supply chain s\u00e9curis\u00e9e et bas carbone ?\" tabindex=\"-1\" >\n\t\t\tLire la suite\t\t<\/a>\n\n\t\t\t\t<\/div>\n\t\t\t\t<\/article>\n\t\t\t\t<article class=\"elementor-post elementor-grid-item post-6029 post type-post status-publish format-standard has-post-thumbnail hentry category-blog category-livre-blanc\" role=\"listitem\">\n\t\t\t\t<a class=\"elementor-post__thumbnail__link\" href=\"https:\/\/www.groupe-sterne.com\/fr\/livre-blanc-professionnels-de-sante-comment-gagner-en-performance-logistique-et-energetique\/\" tabindex=\"-1\" >\n\t\t\t<div class=\"elementor-post__thumbnail\"><img decoding=\"async\" width=\"600\" height=\"397\" src=\"https:\/\/www.groupe-sterne.com\/wp-content\/uploads\/2022\/04\/Image1-1.png\" class=\"attachment-medium_large size-medium_large wp-image-6030\" alt=\"sant\u00e9\" srcset=\"https:\/\/www.groupe-sterne.com\/wp-content\/uploads\/2022\/04\/Image1-1.png 600w, https:\/\/www.groupe-sterne.com\/wp-content\/uploads\/2022\/04\/Image1-1-300x199.png 300w\" sizes=\"(max-width: 600px) 100vw, 600px\" \/><\/div>\n\t\t<\/a>\n\t\t\t\t<div class=\"elementor-post__text\">\n\t\t\t\t<h3 class=\"elementor-post__title\">\n\t\t\t<a href=\"https:\/\/www.groupe-sterne.com\/fr\/livre-blanc-professionnels-de-sante-comment-gagner-en-performance-logistique-et-energetique\/\" >\n\t\t\t\t[ LIVRE BLANC ] Professionnels de la sant\u00e9 :   gagnez en performance \u00e9conomique et \u00e9cologique\t\t\t<\/a>\n\t\t<\/h3>\n\t\t\t\t<div class=\"elementor-post__excerpt\">\n\t\t\t<p>Laboratoires d\u2019analyses, \u00e9tablissements de sant\u00e9, acteurs du Med-Tech, d\u00e9couvrez dans ce livre blanc,  quelques cl\u00e9s pour repenser votre Supply Chain et gagner en performance.<\/p>\n\t\t<\/div>\n\t\t\n\t\t<a class=\"elementor-post__read-more\" href=\"https:\/\/www.groupe-sterne.com\/fr\/livre-blanc-professionnels-de-sante-comment-gagner-en-performance-logistique-et-energetique\/\" aria-label=\"En savoir plus sur [ LIVRE BLANC ] Professionnels de la sant\u00e9 :   gagnez en performance \u00e9conomique et \u00e9cologique\" tabindex=\"-1\" >\n\t\t\tLire la suite\t\t<\/a>\n\n\t\t\t\t<\/div>\n\t\t\t\t<\/article>\n\t\t\t\t<article class=\"elementor-post elementor-grid-item post-368 post type-post status-publish format-standard has-post-thumbnail hentry category-blog category-livre-blanc tag-electromenager-2 tag-entretien tag-high-tech tag-j1 tag-livre-blanc tag-logistique tag-optimisation tag-partenariat tag-piecesdetachees tag-reseau tag-rse tag-stocks tag-techniciens tag-transport\" role=\"listitem\">\n\t\t\t\t<a class=\"elementor-post__thumbnail__link\" href=\"https:\/\/www.groupe-sterne.com\/fr\/livre-blanc-aftermarket-comment-ameliorer-la-rentabilite-des-activites-de-maintenance\/\" tabindex=\"-1\" >\n\t\t\t<div class=\"elementor-post__thumbnail\"><img loading=\"lazy\" decoding=\"async\" width=\"768\" height=\"512\" src=\"https:\/\/www.groupe-sterne.com\/wp-content\/uploads\/2021\/02\/second-oeuvre-batiment-768x512.jpg\" class=\"attachment-medium_large size-medium_large wp-image-14562\" alt=\"\" srcset=\"https:\/\/www.groupe-sterne.com\/wp-content\/uploads\/2021\/02\/second-oeuvre-batiment-768x512.jpg 768w, https:\/\/www.groupe-sterne.com\/wp-content\/uploads\/2021\/02\/second-oeuvre-batiment-300x200.jpg 300w, https:\/\/www.groupe-sterne.com\/wp-content\/uploads\/2021\/02\/second-oeuvre-batiment-1024x683.jpg 1024w, https:\/\/www.groupe-sterne.com\/wp-content\/uploads\/2021\/02\/second-oeuvre-batiment-1536x1024.jpg 1536w, https:\/\/www.groupe-sterne.com\/wp-content\/uploads\/2021\/02\/second-oeuvre-batiment-2048x1366.jpg 2048w\" sizes=\"(max-width: 768px) 100vw, 768px\" \/><\/div>\n\t\t<\/a>\n\t\t\t\t<div class=\"elementor-post__text\">\n\t\t\t\t<h3 class=\"elementor-post__title\">\n\t\t\t<a href=\"https:\/\/www.groupe-sterne.com\/fr\/livre-blanc-aftermarket-comment-ameliorer-la-rentabilite-des-activites-de-maintenance\/\" >\n\t\t\t\t[ LIVRE BLANC ] Professionnels de la maintenance : comment am\u00e9liorer la rentabilit\u00e9 de vos activit\u00e9s ?\t\t\t<\/a>\n\t\t<\/h3>\n\t\t\t\t<div class=\"elementor-post__excerpt\">\n\t\t\t<p>Professionnels de la maintenance, d\u00e9couvrez dans notre livre blanc quelques cl\u00e9s pour am\u00e9liorer votre logistique SAV et la rentabilit\u00e9 de vos activit\u00e9s. <\/p>\n\t\t<\/div>\n\t\t\n\t\t<a class=\"elementor-post__read-more\" href=\"https:\/\/www.groupe-sterne.com\/fr\/livre-blanc-aftermarket-comment-ameliorer-la-rentabilite-des-activites-de-maintenance\/\" aria-label=\"En savoir plus sur [ LIVRE BLANC ] Professionnels de la maintenance : comment am\u00e9liorer la rentabilit\u00e9 de vos activit\u00e9s ?\" tabindex=\"-1\" >\n\t\t\tLire la suite\t\t<\/a>\n\n\t\t\t\t<\/div>\n\t\t\t\t<\/article>\n\t\t\t\t<\/div>\n\t\t\n\t\t\t\t\t\t<\/div>\n\t\t\t\t<\/div>\n\t\t\t\t\t<\/div>\n\t\t<\/div>\n\t\t\t\t\t<\/div>\n\t\t<\/section>\n\t\t\t\t<\/div>\n\t\t","protected":false},"excerpt":{"rendered":"<p>Livres Blancs<\/p>\n","protected":false},"author":1,"featured_media":5397,"parent":0,"menu_order":0,"comment_status":"closed","ping_status":"closed","template":"elementor_header_footer","meta":{"_acf_changed":false,"footnotes":""},"class_list":["post-7050","page","type-page","status-publish","has-post-thumbnail","hentry"],"acf":[],"yoast_head":"<!-- This site is optimized with the Yoast SEO Premium plugin v25.3 (Yoast SEO v27.4) - https:\/\/yoast.com\/product\/yoast-seo-premium-wordpress\/ -->\n<title>Livres blancs &#8226; Groupe STERNE<\/title>\n<meta name=\"robots\" content=\"index, follow, max-snippet:-1, max-image-preview:large, max-video-preview:-1\" \/>\n<link rel=\"canonical\" href=\"https:\/\/www.groupe-sterne.com\/fr\/livres-blancs\/\" \/>\n<meta property=\"og:locale\" content=\"fr_FR\" \/>\n<meta property=\"og:type\" content=\"article\" \/>\n<meta property=\"og:title\" content=\"Livres blancs\" \/>\n<meta property=\"og:description\" content=\"Livres Blancs\" \/>\n<meta property=\"og:url\" content=\"https:\/\/www.groupe-sterne.com\/fr\/livres-blancs\/\" \/>\n<meta property=\"og:site_name\" content=\"Groupe STERNE\" \/>\n<meta property=\"article:modified_time\" content=\"2022-05-02T07:01:24+00:00\" \/>\n<meta property=\"og:image\" content=\"https:\/\/www.groupe-sterne.com\/wp-content\/uploads\/2022\/04\/news@2x-scaled.jpg\" \/>\n\t<meta property=\"og:image:width\" content=\"2560\" \/>\n\t<meta property=\"og:image:height\" content=\"978\" \/>\n\t<meta property=\"og:image:type\" content=\"image\/jpeg\" \/>\n<meta name=\"twitter:card\" content=\"summary_large_image\" \/>\n<meta name=\"twitter:label1\" content=\"Dur\u00e9e de lecture estim\u00e9e\" \/>\n\t<meta name=\"twitter:data1\" content=\"4 minutes\" \/>\n<script type=\"application\/ld+json\" class=\"yoast-schema-graph\">{\"@context\":\"https:\\\/\\\/schema.org\",\"@graph\":[{\"@type\":\"WebPage\",\"@id\":\"https:\\\/\\\/www.groupe-sterne.com\\\/fr\\\/livres-blancs\\\/\",\"url\":\"https:\\\/\\\/www.groupe-sterne.com\\\/fr\\\/livres-blancs\\\/\",\"name\":\"Livres blancs &#8226; Groupe STERNE\",\"isPartOf\":{\"@id\":\"https:\\\/\\\/groupe-sterne.com\\\/fr\\\/#website\"},\"primaryImageOfPage\":{\"@id\":\"https:\\\/\\\/www.groupe-sterne.com\\\/fr\\\/livres-blancs\\\/#primaryimage\"},\"image\":{\"@id\":\"https:\\\/\\\/www.groupe-sterne.com\\\/fr\\\/livres-blancs\\\/#primaryimage\"},\"thumbnailUrl\":\"https:\\\/\\\/www.groupe-sterne.com\\\/wp-content\\\/uploads\\\/2022\\\/04\\\/news@2x-scaled.jpg\",\"datePublished\":\"2022-05-02T06:58:41+00:00\",\"dateModified\":\"2022-05-02T07:01:24+00:00\",\"breadcrumb\":{\"@id\":\"https:\\\/\\\/www.groupe-sterne.com\\\/fr\\\/livres-blancs\\\/#breadcrumb\"},\"inLanguage\":\"fr-FR\",\"potentialAction\":[{\"@type\":\"ReadAction\",\"target\":[\"https:\\\/\\\/www.groupe-sterne.com\\\/fr\\\/livres-blancs\\\/\"]}]},{\"@type\":\"ImageObject\",\"inLanguage\":\"fr-FR\",\"@id\":\"https:\\\/\\\/www.groupe-sterne.com\\\/fr\\\/livres-blancs\\\/#primaryimage\",\"url\":\"https:\\\/\\\/www.groupe-sterne.com\\\/wp-content\\\/uploads\\\/2022\\\/04\\\/news@2x-scaled.jpg\",\"contentUrl\":\"https:\\\/\\\/www.groupe-sterne.com\\\/wp-content\\\/uploads\\\/2022\\\/04\\\/news@2x-scaled.jpg\",\"width\":2560,\"height\":978},{\"@type\":\"BreadcrumbList\",\"@id\":\"https:\\\/\\\/www.groupe-sterne.com\\\/fr\\\/livres-blancs\\\/#breadcrumb\",\"itemListElement\":[{\"@type\":\"ListItem\",\"position\":1,\"name\":\"Accueil\",\"item\":\"https:\\\/\\\/www.groupe-sterne.com\\\/fr\\\/\"},{\"@type\":\"ListItem\",\"position\":2,\"name\":\"Livres blancs\"}]},{\"@type\":\"WebSite\",\"@id\":\"https:\\\/\\\/groupe-sterne.com\\\/fr\\\/#website\",\"url\":\"https:\\\/\\\/groupe-sterne.com\\\/fr\\\/\",\"name\":\"Groupe STERNE\",\"description\":\"Votre sp\u00e9cialiste Premium Freight\",\"publisher\":{\"@id\":\"https:\\\/\\\/groupe-sterne.com\\\/fr\\\/#organization\"},\"potentialAction\":[{\"@type\":\"SearchAction\",\"target\":{\"@type\":\"EntryPoint\",\"urlTemplate\":\"https:\\\/\\\/groupe-sterne.com\\\/fr\\\/?s={search_term_string}\"},\"query-input\":{\"@type\":\"PropertyValueSpecification\",\"valueRequired\":true,\"valueName\":\"search_term_string\"}}],\"inLanguage\":\"fr-FR\"},{\"@type\":\"Organization\",\"@id\":\"https:\\\/\\\/groupe-sterne.com\\\/fr\\\/#organization\",\"name\":\"Groupe STERNE\",\"url\":\"https:\\\/\\\/groupe-sterne.com\\\/fr\\\/\",\"logo\":{\"@type\":\"ImageObject\",\"inLanguage\":\"fr-FR\",\"@id\":\"https:\\\/\\\/groupe-sterne.com\\\/fr\\\/#\\\/schema\\\/logo\\\/image\\\/\",\"url\":\"https:\\\/\\\/groupe-sterne.com\\\/wp-content\\\/uploads\\\/2022\\\/02\\\/logo_sterne.png\",\"contentUrl\":\"https:\\\/\\\/groupe-sterne.com\\\/wp-content\\\/uploads\\\/2022\\\/02\\\/logo_sterne.png\",\"width\":442,\"height\":116,\"caption\":\"Groupe STERNE\"},\"image\":{\"@id\":\"https:\\\/\\\/groupe-sterne.com\\\/fr\\\/#\\\/schema\\\/logo\\\/image\\\/\"}}]}<\/script>\n<!-- \/ Yoast SEO Premium plugin. -->","yoast_head_json":{"title":"Livres blancs &#8226; Groupe STERNE","robots":{"index":"index","follow":"follow","max-snippet":"max-snippet:-1","max-image-preview":"max-image-preview:large","max-video-preview":"max-video-preview:-1"},"canonical":"https:\/\/www.groupe-sterne.com\/fr\/livres-blancs\/","og_locale":"fr_FR","og_type":"article","og_title":"Livres blancs","og_description":"Livres Blancs","og_url":"https:\/\/www.groupe-sterne.com\/fr\/livres-blancs\/","og_site_name":"Groupe STERNE","article_modified_time":"2022-05-02T07:01:24+00:00","og_image":[{"width":2560,"height":978,"url":"https:\/\/www.groupe-sterne.com\/wp-content\/uploads\/2022\/04\/news@2x-scaled.jpg","type":"image\/jpeg"}],"twitter_card":"summary_large_image","twitter_misc":{"Dur\u00e9e de lecture estim\u00e9e":"4 minutes"},"schema":{"@context":"https:\/\/schema.org","@graph":[{"@type":"WebPage","@id":"https:\/\/www.groupe-sterne.com\/fr\/livres-blancs\/","url":"https:\/\/www.groupe-sterne.com\/fr\/livres-blancs\/","name":"Livres blancs &#8226; Groupe STERNE","isPartOf":{"@id":"https:\/\/groupe-sterne.com\/fr\/#website"},"primaryImageOfPage":{"@id":"https:\/\/www.groupe-sterne.com\/fr\/livres-blancs\/#primaryimage"},"image":{"@id":"https:\/\/www.groupe-sterne.com\/fr\/livres-blancs\/#primaryimage"},"thumbnailUrl":"https:\/\/www.groupe-sterne.com\/wp-content\/uploads\/2022\/04\/news@2x-scaled.jpg","datePublished":"2022-05-02T06:58:41+00:00","dateModified":"2022-05-02T07:01:24+00:00","breadcrumb":{"@id":"https:\/\/www.groupe-sterne.com\/fr\/livres-blancs\/#breadcrumb"},"inLanguage":"fr-FR","potentialAction":[{"@type":"ReadAction","target":["https:\/\/www.groupe-sterne.com\/fr\/livres-blancs\/"]}]},{"@type":"ImageObject","inLanguage":"fr-FR","@id":"https:\/\/www.groupe-sterne.com\/fr\/livres-blancs\/#primaryimage","url":"https:\/\/www.groupe-sterne.com\/wp-content\/uploads\/2022\/04\/news@2x-scaled.jpg","contentUrl":"https:\/\/www.groupe-sterne.com\/wp-content\/uploads\/2022\/04\/news@2x-scaled.jpg","width":2560,"height":978},{"@type":"BreadcrumbList","@id":"https:\/\/www.groupe-sterne.com\/fr\/livres-blancs\/#breadcrumb","itemListElement":[{"@type":"ListItem","position":1,"name":"Accueil","item":"https:\/\/www.groupe-sterne.com\/fr\/"},{"@type":"ListItem","position":2,"name":"Livres blancs"}]},{"@type":"WebSite","@id":"https:\/\/groupe-sterne.com\/fr\/#website","url":"https:\/\/groupe-sterne.com\/fr\/","name":"Groupe STERNE","description":"Votre sp\u00e9cialiste Premium Freight","publisher":{"@id":"https:\/\/groupe-sterne.com\/fr\/#organization"},"potentialAction":[{"@type":"SearchAction","target":{"@type":"EntryPoint","urlTemplate":"https:\/\/groupe-sterne.com\/fr\/?s={search_term_string}"},"query-input":{"@type":"PropertyValueSpecification","valueRequired":true,"valueName":"search_term_string"}}],"inLanguage":"fr-FR"},{"@type":"Organization","@id":"https:\/\/groupe-sterne.com\/fr\/#organization","name":"Groupe STERNE","url":"https:\/\/groupe-sterne.com\/fr\/","logo":{"@type":"ImageObject","inLanguage":"fr-FR","@id":"https:\/\/groupe-sterne.com\/fr\/#\/schema\/logo\/image\/","url":"https:\/\/groupe-sterne.com\/wp-content\/uploads\/2022\/02\/logo_sterne.png","contentUrl":"https:\/\/groupe-sterne.com\/wp-content\/uploads\/2022\/02\/logo_sterne.png","width":442,"height":116,"caption":"Groupe STERNE"},"image":{"@id":"https:\/\/groupe-sterne.com\/fr\/#\/schema\/logo\/image\/"}}]}},"_links":{"self":[{"href":"https:\/\/www.groupe-sterne.com\/fr\/wp-json\/wp\/v2\/pages\/7050","targetHints":{"allow":["GET"]}}],"collection":[{"href":"https:\/\/www.groupe-sterne.com\/fr\/wp-json\/wp\/v2\/pages"}],"about":[{"href":"https:\/\/www.groupe-sterne.com\/fr\/wp-json\/wp\/v2\/types\/page"}],"author":[{"embeddable":true,"href":"https:\/\/www.groupe-sterne.com\/fr\/wp-json\/wp\/v2\/users\/1"}],"replies":[{"embeddable":true,"href":"https:\/\/www.groupe-sterne.com\/fr\/wp-json\/wp\/v2\/comments?post=7050"}],"version-history":[{"count":1,"href":"https:\/\/www.groupe-sterne.com\/fr\/wp-json\/wp\/v2\/pages\/7050\/revisions"}],"predecessor-version":[{"id":11473,"href":"https:\/\/www.groupe-sterne.com\/fr\/wp-json\/wp\/v2\/pages\/7050\/revisions\/11473"}],"wp:featuredmedia":[{"embeddable":true,"href":"https:\/\/www.groupe-sterne.com\/fr\/wp-json\/wp\/v2\/media\/5397"}],"wp:attachment":[{"href":"https:\/\/www.groupe-sterne.com\/fr\/wp-json\/wp\/v2\/media?parent=7050"}],"curies":[{"name":"wp","href":"https:\/\/api.w.org\/{rel}","templated":true}]}}