{"id":5756,"date":"2022-04-07T22:18:32","date_gmt":"2022-04-07T20:18:32","guid":{"rendered":"https:\/\/groupe-sterne.com\/?page_id=5756"},"modified":"2023-08-08T10:40:06","modified_gmt":"2023-08-08T08:40:06","slug":"politique-de-confidentialite","status":"publish","type":"page","link":"https:\/\/www.groupe-sterne.com\/fr\/politique-de-confidentialite\/","title":{"rendered":"Politique de confidentialit\u00e9"},"content":{"rendered":"\t\t<div data-elementor-type=\"wp-page\" data-elementor-id=\"5756\" class=\"elementor elementor-5756\" data-elementor-post-type=\"page\">\n\t\t\t\t\t\t<section class=\"elementor-section elementor-top-section elementor-element elementor-element-bc4acc9 elementor-section-boxed elementor-section-height-default elementor-section-height-default\" data-id=\"bc4acc9\" data-element_type=\"section\" data-e-type=\"section\">\n\t\t\t\t\t\t<div class=\"elementor-container elementor-column-gap-default\">\n\t\t\t\t\t<div class=\"elementor-column elementor-col-100 elementor-top-column elementor-element elementor-element-1826437\" data-id=\"1826437\" data-element_type=\"column\" data-e-type=\"column\">\n\t\t\t<div class=\"elementor-widget-wrap elementor-element-populated\">\n\t\t\t\t\t\t<div class=\"elementor-element elementor-element-04c8c16 elementor-widget elementor-widget-heading\" data-id=\"04c8c16\" data-element_type=\"widget\" data-e-type=\"widget\" data-widget_type=\"heading.default\">\n\t\t\t\t<div class=\"elementor-widget-container\">\n\t\t\t\t\t<h2 class=\"elementor-heading-title elementor-size-default\">POLITIQUE DE CONFIDENTIALIT\u00c9<\/h2>\t\t\t\t<\/div>\n\t\t\t\t<\/div>\n\t\t\t\t<div class=\"elementor-element elementor-element-477fe2c elementor-widget elementor-widget-text-editor\" data-id=\"477fe2c\" data-element_type=\"widget\" data-e-type=\"widget\" data-widget_type=\"text-editor.default\">\n\t\t\t\t<div class=\"elementor-widget-container\">\n\t\t\t\t\t\t\t\t\t<p>Cette politique de confidentialit\u00e9 est con\u00e7ue pour vous aider \u00e0 comprendre comment <strong>Groupe STERNE<\/strong> recueille et utilise vos donn\u00e9es personnelles que vous fournissez.<\/p>\t\t\t\t\t\t\t\t<\/div>\n\t\t\t\t<\/div>\n\t\t\t\t<div class=\"elementor-element elementor-element-6fb4533 elementor-widget elementor-widget-text-editor\" data-id=\"6fb4533\" data-element_type=\"widget\" data-e-type=\"widget\" data-widget_type=\"text-editor.default\">\n\t\t\t\t<div class=\"elementor-widget-container\">\n\t\t\t\t\t\t\t\t\t<p><strong>Domaine d&rsquo;application<\/strong><\/p><p>Cette politique s\u2019applique \u00e0 l\u2019ensemble des entit\u00e9s juridiques du <strong>Groupe STERNE<\/strong> ainsi qu\u2019\u00e0 l\u2019application mobile \u00ab\u00a0TCS Tourn\u00e9e\u00a0\u00bb.<\/p><p>Cependant, celle-ci ne s\u2019applique pas aux sites tiers. Notre site Web comprend des liens vers d\u2019autres sites dont les pratiques de confidentialit\u00e9 peuvent diff\u00e9rer de celles du Groupe Sterne. Si vous soumettez des informations personnelles \u00e0 l\u2019un de ces sites Web, vos informations seront r\u00e9gies par leurs d\u00e9clarations de confidentialit\u00e9.<\/p><p>Nous vous recommandons de lire la politique de confidentialit\u00e9 de tous les sites que vous visitez car nous ne sommes pas responsables pour eux.<\/p><p><strong>Collecte des donn\u00e9es personnelles par le Groupe Sterne<\/strong><\/p><p>Nous collections vos donn\u00e9es personnelles lorsque :<\/p><ul><li>Vous vous enregistrez sur notre site ou via nos sites d&rsquo;exploitations ou qu&rsquo;une personne autoris\u00e9e vous a inscrit sur notre site<\/li><li>Vous nous commandez un transport sur notre site ou via nos services d&rsquo;exploitations<\/li><li>Vous nous contactez par e-mail ou via notre formulaire de contact<\/li><li>Vous interagissez avec nos sites ou nos applications mobiles via des cookies que nous stockons pour une p\u00e9riode sur votre ordinateur ou appareil mobile<\/li><\/ul><p><strong>Consentement<\/strong><\/p><p>Les utilisateurs se voient communiquer qu&rsquo;en utilisant notre site ou notre application mobile, certaines de leurs donn\u00e9es \u00e0 caract\u00e8res personnel soient collect\u00e9es, dans le respect des principes de minimalisation de la collecte et de finalit\u00e9 l\u00e9gitime du traitement de leurs donn\u00e9es. Ils consentent, par cette politique (ainsi que par le biais d&rsquo;un opt-in sur l&rsquo;application mobile) \u00e0 la collecte, l&rsquo;utilisateur et la conservation de leurs donn\u00e9es \u00e9num\u00e9r\u00e9es dans la pr\u00e9sente politique.<\/p><p><strong>Quelles sont les donn\u00e9es personnelles collect\u00e9es par Groupe Sterne ?<\/strong><\/p><p>Les donn\u00e9es personnelles que nous collectons peuvent inclure :<\/p><ul><li>Des informations personnelles :<ul><li>Nom<\/li><li>Pr\u00e9nom<\/li><li>Adresse postale<\/li><li>Code postal<\/li><li>Adresse \u00e9lectronique<\/li><li>Num\u00e9ro de t\u00e9l\u00e9phone<\/li><li>Num\u00e9ro de carte de cr\u00e9dit<\/li><li>Num\u00e9ro de s\u00e9curit\u00e9 sociale \/ d\u2019assurance maladie<\/li><li>Num\u00e9ro de permis de conduire<\/li><li>Plaque d\u2019immatriculation<\/li><\/ul><\/li><\/ul><ul><li>Informations sur votre entreprise :<ul><li>Nom<\/li><li>Adresse postale<\/li><li>Code postal<\/li><li>Adresse \u00e9lectronique<\/li><li>Num\u00e9ro de t\u00e9l\u00e9phone \/ t\u00e9l\u00e9copieur<\/li><li>Num\u00e9ro de compte bancaire<\/li><li>Num\u00e9ro de s\u00e9curit\u00e9 sociale \/ d\u2019assurance maladie<\/li><li>Num\u00e9ro de permis de conduire<\/li><li>Plaque d\u2019immatriculation<\/li><\/ul><\/li><\/ul><ul><li>Situation g\u00e9ographique :<ul><li>Adresse d\u2019enl\u00e8vement<\/li><li>Adresse de livraison<\/li><li>Colisage<\/li><li>Politique de confidentialit\u00e9<\/li><\/ul><\/li><\/ul><p><strong>Utilisation des cookies par le Groupe Sterne<\/strong><\/p><p>Nous utilisons des cookies pour votre navigation et pour l\u2019authentification. Vous pouvez contr\u00f4ler l\u2019utilisation des cookies au niveau de votre navigateur. Si vous refusez les cookies, vous pourrez toujours utiliser nos sites Web, mais votre capacit\u00e9 \u00e0 utiliser certaines fonctionnalit\u00e9s peuvent \u00eatre limit\u00e9es.\u00a0<\/p><p>Nos sites utilisent Google Analytics 4, un service d\u2019analyse de site internet fourni par Google Inc. (\u00ab Google \u00bb).<\/p><p>Google Analytics utilise des\u00a0cookies, qui sont des fichiers texte plac\u00e9s sur votre ordinateur, pour aider le site internet \u00e0 analyser l\u2019utilisation du site par ses utilisateurs.<\/p><p>Les donn\u00e9es g\u00e9n\u00e9r\u00e9es par les cookies concernant votre utilisation du site (y compris votre adresse IP) seront transmises et stock\u00e9es par Google sur des serveurs situ\u00e9s aux Et Groupe STERNE-Unis. Google utilisera cette information dans le but d\u2019\u00e9valuer votre utilisation du site, de compiler des rapports sur l\u2019activit\u00e9 du site \u00e0 destination de son \u00e9diteur et de fournir d\u2019autres services relatifs \u00e0 l\u2019activit\u00e9 du site et \u00e0 l\u2019utilisation d\u2019Internet.<\/p><p>Google est susceptible de communiquer ces donn\u00e9es \u00e0 des tiers en cas d\u2019obligation l\u00e9gale ou lorsque ces tiers traitent ces donn\u00e9es pour le compte de Google, y compris notamment l\u2019\u00e9diteur de ce site.<\/p><p>Google ne recoupera pas votre adresse IP avec toute autre donn\u00e9e d\u00e9tenue par Google.<\/p><p>Vous pouvez d\u00e9sactiver l\u2019utilisation de\u00a0cookies\u00a0en s\u00e9lectionnant les param\u00e8tres appropri\u00e9s de votre navigateur.<\/p><p>Nous collectons vos donn\u00e9es personnelles par le biais d\u2019une op\u00e9ration automatique. Ces donn\u00e9es peuvent inclure les adresses de protocole Internet (IP), le type de navigateur, le syst\u00e8me d\u2019exploitation, l\u2019horodatage et\/ou les donn\u00e9es de flux.<\/p><p><strong>Utilisation des donn\u00e9es personnelles par le Groupe Sterne<\/strong><\/p><p>Nous pouvons utiliser vos donn\u00e9es personnelles pour :<\/p><ul><li>Traiter les achats<\/li><li>Traiter les transports<\/li><li>Traiter les facturations<\/li><li>Traiter les demandes d\u2019information et les demandes d\u2019assistance<\/li><li>G\u00e9n\u00e9rer et envoyer preuve de livraison<\/li><li>Envoyer des communications non-commerciales<\/li><li>Envoyer des newsletters (si vous en avez fait la demande)<\/li><li>Envoyer des communications commerciales (si vous en avez fait la demande)<\/li><li>Am\u00e9liorer l\u2019exp\u00e9rience utilisateur<\/li><li>Assurer la s\u00e9curit\u00e9 de notre site<\/li><\/ul><p>Nous n\u2019autoriserons pas des parties tierces \u00e0 utiliser vos donn\u00e9es personnelles \u00e0 des fins de marketing sans votre consentement.<\/p><p>Nous ne vous enverrons pas d\u2019e-mails de marketing si vous avez explicitement refus\u00e9 de les recevoir. Tous les e-mails marketing que nous vous envoyons incluent un lien de d\u00e9sabonnement \u00e0 la fin de l\u2019e-mail.<\/p><p><strong>Comment sont prot\u00e9g\u00e9es les donn\u00e9es personnelles par le Groupe Sterne ?<\/strong><\/p><p>Nous mettons tout en oeuvre pour emp\u00eacher la perte, l\u2019usage abusif ou la modification de vos donn\u00e9es personnelles par des pr\u00e9cautions techniques et organisationnelles telles que :<\/p><ul><li>Protocol SSL (Secure Sockets Layer)<\/li><li>Gestion des acc\u00e8s \u2013 personne autoris\u00e9e<\/li><li>Gestion des acc\u00e8s \u2013 personne concern\u00e9e<\/li><li>Logiciel de surveillance du r\u00e9seau<\/li><li>Sauvegarde informatique et PCRA<\/li><li>D\u00e9veloppement de certificat num\u00e9rique<\/li><li>Identifiant \/ mot de passe<\/li><li>Pare-feu (Firewalls)<\/li><\/ul><p>Nous stockons vos donn\u00e9es personnelles sur des serveurs de haute s\u00e9curit\u00e9 et utilisons le cryptage Secure Sockets Layer (SSL) sur l\u2019ensemble de nos sites. Nos parties tierces ont l\u2019obligation d\u2019assurer la s\u00e9curit\u00e9 de vos informations.<\/p><p>Cependant, nous ne pouvons pas garantir la s\u00e9curit\u00e9 des donn\u00e9es transmises via Internet. Internet \u00e9tant un support non-s\u00e9curis\u00e9.<\/p><p><strong>Confidentialit\u00e9 des donn\u00e9es personnelles par le Groupe Sterne<\/strong><\/p><p>Nous pouvons divulguer vos donn\u00e9es personnelles :<\/p><ul><li>\u00c0 un de nos employ\u00e9s, fournisseurs ou sous-traitants aux fins \u00e9nonc\u00e9es pr\u00e9c\u00e9demment.<\/li><li>Si nous sommes tenus de la faire par la loi et dans le cadre d\u2019une proc\u00e9dure judiciaire.<\/li><li>\u00c0 des fins de s\u00e9curit\u00e9 nationale, dans un cadre l\u00e9gal et dans l\u2019int\u00e9r\u00eat public, lorsque cela est n\u00e9cessaire ou appropri\u00e9.<\/li><\/ul><p>Nous ne divulguons pas vos donn\u00e9es personnelles \u00e0 des parties tierces si vous nous n\u2019avez pas donn\u00e9 votre consentement.<\/p><p><strong>Quelle est la dur\u00e9e de conservation des donn\u00e9es personnelles par le Groupe Sterne ?<\/strong><\/p><p>Les donn\u00e9es personnelles ne sont pas conserv\u00e9es plus longtemps que ce qui est n\u00e9cessaire.<\/p><p>Nous conserverons vos informations aussi longtemps que votre compte est actif ou n\u00e9cessaire pour vous fournir des services.<\/p><p>Nous conserverons et utiliserons vos informations si n\u00e9cessaires pour respecter nos obligations l\u00e9gales, r\u00e9soudre les litiges et faire respecter nos accords.<\/p><p>Nous conserverons vos donn\u00e9es personnelles si nous sommes tenus de la faire par la loi et dans le cadre d\u2019une proc\u00e9dure judiciaire.<\/p><p><strong>Quels sont mes droits sur les donn\u00e9es personnelles ?<\/strong><\/p><ul><li>Vous pouvez nous demander de vous informer si nous d\u00e9tenons des donn\u00e9es personnelles sur vous.<\/li><li>Vous pouvez nous demandez de vous fournir toutes les donn\u00e9es personnelles que nous d\u00e9tenons sur vous.<\/li><li>Vous pouvez exercer votre droit \u00e0 la portabilit\u00e9 et\/ou l\u2019effacement de vos donn\u00e9es personnelles.<\/li><li>Vous pouvez retirer ou limiter votre consentement aux traitements de vos donn\u00e9es personnelles.<\/li><li>Vous pouvez introduire une r\u00e9clamation aupr\u00e8s de l\u2019autorit\u00e9 de contr\u00f4le comp\u00e9tente.<\/li><\/ul><p>Vous serez inform\u00e9 en cas de violation de donn\u00e9es personnelles et de la nature du risque aggrav\u00e9 pour votre vie priv\u00e9e.<\/p><p>Si vos informations personnelles changent, ou si vous ne d\u00e9sirez plus notre service, vous pouvez corriger, mettre \u00e0 jour, modifier, supprimer en envoyant un email \u00e0 notre Service RGPD ou par courrier postal aux information de contact \u00e9num\u00e9r\u00e9es ci-dessous.<\/p><p>Votre demande sera trait\u00e9s dans une d\u00e9lai d\u2019un mois renouvelable une fois, d\u00e9lais courant \u00e0 r\u00e9ception du dossier complet permettant une v\u00e9rification de votre identit\u00e9 et\/ou d\u2019un mandat d\u00e9crivant l\u2019objet du mandat, l\u2019identit\u00e9 du mandat et du mandataire en cas de demande introduite par une personne tierce.<\/p><p>Vous pouvez \u00e0 tout moment stopper le traitement de vos donn\u00e9es personnelles \u00e0 des fins marketings. Nous nous engageons \u00e0 reconna\u00eetre un droit d\u2019acc\u00e8s et de rectification aux personnes concern\u00e9es d\u00e9sireuses de consulter, modifier, voire radier les informations les concernant.<\/p><p>L\u2019exercice de ce droit se fera par courrier :<br \/>GROUPE STERNE \/ A l\u2019attention du DPO \/ 3, RUE JOSEPH BONNET, 33015 BORDEAUX BP40001<br \/>Courriel :<a href=\"mailto:dp*@***********ne.com\" data-original-string=\"fkTfNGNKTVJtasfQcc1z1w==a127JHHH4\/dC4yY6cEhVorZzJ3vaBG3vkQiZSR3G7HXkco=\" title=\"This contact has been encoded by Anti-Spam by CleanTalk. Click to decode. To finish the decoding make sure that JavaScript is enabled in your browser.\">\u00a0<span \n                data-original-string='s+Y\/TdXfWKP5VEkl5k93Jw==a12ACbQyHzPstIvQW8A9n5T8GlGUJttjnbs1qhYFjUiWt0='\n                class='apbct-email-encoder'\n                title='This contact has been encoded by Anti-Spam by CleanTalk. Click to decode. To finish the decoding make sure that JavaScript is enabled in your browser.'>dp<span class=\"apbct-blur\">*<\/span>@<span class=\"apbct-blur\">***********<\/span>ne.com<\/span><\/a><\/p><p><strong>Mise \u00e0 jour de la politique de confidentialit\u00e9<\/strong><\/p><p>Nous pouvons mettre \u00e0 jour cette politique de confidentialit\u00e9 de fa\u00e7on ponctuelle.<br \/>Nous incluons toujours la date d\u2019une nouvelle version afin que vous sachiez quand il y a eu un changement.<\/p><p><strong>Contacter le Groupe Sterne sur la politique de confidentialit\u00e9<\/strong><\/p><p>Si vous avez des questions \u00e0 propos de la politique de confidentialit\u00e9 ou des donn\u00e9es personnelles que nous d\u00e9tenons sur vous, contactez-nous \u00e0 :<\/p><p><strong>GROUPE STERNE<\/strong><br \/>3, RUE JOSEPH BONNET,<br \/>33015 BORDEAUX\u00a0<\/p><p><strong>T\u00e9l\u00e9phone :<\/strong>\u00a005 57 54\u00a010 10 ou par\u00a0<strong>E-mail :<\/strong>\u00a0<a href=\"mailto:dp*@***********ne.com\" data-original-string=\"BvXW\/7oDmVkEQxP26DN1Cg==a12Gbiu8jpSnbqizKU6o0+cGzMNgsRGkZz4l0XhfhjhvnY=\" title=\"This contact has been encoded by Anti-Spam by CleanTalk. Click to decode. To finish the decoding make sure that JavaScript is enabled in your browser.\"><span \n                data-original-string='Saukstfq99thNRsY1zp8sA==a12ldncux\/9KXlri\/aT4BEF3wdOisbEmPdWulk1G6oXtFA='\n                class='apbct-email-encoder'\n                title='This contact has been encoded by Anti-Spam by CleanTalk. Click to decode. To finish the decoding make sure that JavaScript is enabled in your browser.'>dp<span class=\"apbct-blur\">*<\/span>@<span class=\"apbct-blur\">***********<\/span>ne.com<\/span><\/a><\/p><p>Rappel : les demandes relatives \u00e0 l\u2019exercice de vos droits d\u2019acc\u00e8s ne seront instruites qu\u2019\u00e0 r\u00e9ception du dossier complet permettant une v\u00e9rification de votre identit\u00e9 et\/ou d\u2019un mandat d\u2019\u00e9crivant l\u2019objet du mandat, l\u2019identit\u00e9 du mandat et du mandataire en cas de demande introduite par une tierce personne<span style=\"color: var( --e-global-color-text );\">.<\/span><\/p>\t\t\t\t\t\t\t\t<\/div>\n\t\t\t\t<\/div>\n\t\t\t\t\t<\/div>\n\t\t<\/div>\n\t\t\t\t\t<\/div>\n\t\t<\/section>\n\t\t\t\t<\/div>\n\t\t","protected":false},"excerpt":{"rendered":"<p>POLITIQUE DE CONFIDENTIALIT\u00c9 Cette politique de confidentialit\u00e9 est con\u00e7ue pour vous aider \u00e0 comprendre comment Groupe STERNE recueille et utilise vos donn\u00e9es personnelles que vous fournissez. Domaine d&rsquo;application Cette politique s\u2019applique \u00e0 l\u2019ensemble des entit\u00e9s juridiques du Groupe STERNE ainsi qu\u2019\u00e0 l\u2019application mobile \u00ab\u00a0TCS Tourn\u00e9e\u00a0\u00bb. Cependant, celle-ci ne s\u2019applique pas aux sites tiers. Notre site [&hellip;]<\/p>\n","protected":false},"author":3,"featured_media":0,"parent":0,"menu_order":0,"comment_status":"closed","ping_status":"closed","template":"","meta":{"_acf_changed":false,"footnotes":""},"class_list":["post-5756","page","type-page","status-publish","hentry"],"acf":[],"yoast_head":"<!-- This site is optimized with the Yoast SEO Premium plugin v25.3 (Yoast SEO v27.5) - https:\/\/yoast.com\/product\/yoast-seo-premium-wordpress\/ -->\n<title>Politique de confidentialit\u00e9 &#8226; Groupe STERNE<\/title>\n<meta name=\"robots\" content=\"noindex, nofollow\" \/>\n<meta property=\"og:locale\" content=\"fr_FR\" \/>\n<meta property=\"og:type\" content=\"article\" \/>\n<meta property=\"og:title\" content=\"Politique de confidentialit\u00e9\" \/>\n<meta property=\"og:description\" content=\"POLITIQUE DE CONFIDENTIALIT\u00c9 Cette politique de confidentialit\u00e9 est con\u00e7ue pour vous aider \u00e0 comprendre comment Groupe STERNE recueille et utilise vos donn\u00e9es personnelles que vous fournissez. Domaine d&rsquo;application Cette politique s\u2019applique \u00e0 l\u2019ensemble des entit\u00e9s juridiques du Groupe STERNE ainsi qu\u2019\u00e0 l\u2019application mobile \u00ab\u00a0TCS Tourn\u00e9e\u00a0\u00bb. Cependant, celle-ci ne s\u2019applique pas aux sites tiers. Notre site [&hellip;]\" \/>\n<meta property=\"og:url\" content=\"https:\/\/www.groupe-sterne.com\/fr\/politique-de-confidentialite\/\" \/>\n<meta property=\"og:site_name\" content=\"Groupe STERNE\" \/>\n<meta property=\"article:modified_time\" content=\"2023-08-08T08:40:06+00:00\" \/>\n<meta name=\"twitter:card\" content=\"summary_large_image\" \/>\n<meta name=\"twitter:label1\" content=\"Dur\u00e9e de lecture estim\u00e9e\" \/>\n\t<meta name=\"twitter:data1\" content=\"8 minutes\" \/>\n<script type=\"application\/ld+json\" class=\"yoast-schema-graph\">{\"@context\":\"https:\\\/\\\/schema.org\",\"@graph\":[{\"@type\":\"WebPage\",\"@id\":\"https:\\\/\\\/www.groupe-sterne.com\\\/fr\\\/politique-de-confidentialite\\\/\",\"url\":\"https:\\\/\\\/www.groupe-sterne.com\\\/fr\\\/politique-de-confidentialite\\\/\",\"name\":\"Politique de confidentialit\u00e9 &#8226; Groupe STERNE\",\"isPartOf\":{\"@id\":\"https:\\\/\\\/groupe-sterne.com\\\/fr\\\/#website\"},\"datePublished\":\"2022-04-07T20:18:32+00:00\",\"dateModified\":\"2023-08-08T08:40:06+00:00\",\"breadcrumb\":{\"@id\":\"https:\\\/\\\/www.groupe-sterne.com\\\/fr\\\/politique-de-confidentialite\\\/#breadcrumb\"},\"inLanguage\":\"fr-FR\",\"potentialAction\":[{\"@type\":\"ReadAction\",\"target\":[\"https:\\\/\\\/www.groupe-sterne.com\\\/fr\\\/politique-de-confidentialite\\\/\"]}]},{\"@type\":\"BreadcrumbList\",\"@id\":\"https:\\\/\\\/www.groupe-sterne.com\\\/fr\\\/politique-de-confidentialite\\\/#breadcrumb\",\"itemListElement\":[{\"@type\":\"ListItem\",\"position\":1,\"name\":\"Accueil\",\"item\":\"https:\\\/\\\/www.groupe-sterne.com\\\/fr\\\/\"},{\"@type\":\"ListItem\",\"position\":2,\"name\":\"Politique de confidentialit\u00e9\"}]},{\"@type\":\"WebSite\",\"@id\":\"https:\\\/\\\/groupe-sterne.com\\\/fr\\\/#website\",\"url\":\"https:\\\/\\\/groupe-sterne.com\\\/fr\\\/\",\"name\":\"Groupe STERNE\",\"description\":\"Votre sp\u00e9cialiste Premium Freight\",\"publisher\":{\"@id\":\"https:\\\/\\\/groupe-sterne.com\\\/fr\\\/#organization\"},\"potentialAction\":[{\"@type\":\"SearchAction\",\"target\":{\"@type\":\"EntryPoint\",\"urlTemplate\":\"https:\\\/\\\/groupe-sterne.com\\\/fr\\\/?s={search_term_string}\"},\"query-input\":{\"@type\":\"PropertyValueSpecification\",\"valueRequired\":true,\"valueName\":\"search_term_string\"}}],\"inLanguage\":\"fr-FR\"},{\"@type\":\"Organization\",\"@id\":\"https:\\\/\\\/groupe-sterne.com\\\/fr\\\/#organization\",\"name\":\"Groupe STERNE\",\"url\":\"https:\\\/\\\/groupe-sterne.com\\\/fr\\\/\",\"logo\":{\"@type\":\"ImageObject\",\"inLanguage\":\"fr-FR\",\"@id\":\"https:\\\/\\\/groupe-sterne.com\\\/fr\\\/#\\\/schema\\\/logo\\\/image\\\/\",\"url\":\"https:\\\/\\\/groupe-sterne.com\\\/wp-content\\\/uploads\\\/2022\\\/02\\\/logo_sterne.png\",\"contentUrl\":\"https:\\\/\\\/groupe-sterne.com\\\/wp-content\\\/uploads\\\/2022\\\/02\\\/logo_sterne.png\",\"width\":442,\"height\":116,\"caption\":\"Groupe STERNE\"},\"image\":{\"@id\":\"https:\\\/\\\/groupe-sterne.com\\\/fr\\\/#\\\/schema\\\/logo\\\/image\\\/\"}}]}<\/script>\n<!-- \/ Yoast SEO Premium plugin. -->","yoast_head_json":{"title":"Politique de confidentialit\u00e9 &#8226; Groupe STERNE","robots":{"index":"noindex","follow":"nofollow"},"og_locale":"fr_FR","og_type":"article","og_title":"Politique de confidentialit\u00e9","og_description":"POLITIQUE DE CONFIDENTIALIT\u00c9 Cette politique de confidentialit\u00e9 est con\u00e7ue pour vous aider \u00e0 comprendre comment Groupe STERNE recueille et utilise vos donn\u00e9es personnelles que vous fournissez. Domaine d&rsquo;application Cette politique s\u2019applique \u00e0 l\u2019ensemble des entit\u00e9s juridiques du Groupe STERNE ainsi qu\u2019\u00e0 l\u2019application mobile \u00ab\u00a0TCS Tourn\u00e9e\u00a0\u00bb. Cependant, celle-ci ne s\u2019applique pas aux sites tiers. Notre site [&hellip;]","og_url":"https:\/\/www.groupe-sterne.com\/fr\/politique-de-confidentialite\/","og_site_name":"Groupe STERNE","article_modified_time":"2023-08-08T08:40:06+00:00","twitter_card":"summary_large_image","twitter_misc":{"Dur\u00e9e de lecture estim\u00e9e":"8 minutes"},"schema":{"@context":"https:\/\/schema.org","@graph":[{"@type":"WebPage","@id":"https:\/\/www.groupe-sterne.com\/fr\/politique-de-confidentialite\/","url":"https:\/\/www.groupe-sterne.com\/fr\/politique-de-confidentialite\/","name":"Politique de confidentialit\u00e9 &#8226; Groupe STERNE","isPartOf":{"@id":"https:\/\/groupe-sterne.com\/fr\/#website"},"datePublished":"2022-04-07T20:18:32+00:00","dateModified":"2023-08-08T08:40:06+00:00","breadcrumb":{"@id":"https:\/\/www.groupe-sterne.com\/fr\/politique-de-confidentialite\/#breadcrumb"},"inLanguage":"fr-FR","potentialAction":[{"@type":"ReadAction","target":["https:\/\/www.groupe-sterne.com\/fr\/politique-de-confidentialite\/"]}]},{"@type":"BreadcrumbList","@id":"https:\/\/www.groupe-sterne.com\/fr\/politique-de-confidentialite\/#breadcrumb","itemListElement":[{"@type":"ListItem","position":1,"name":"Accueil","item":"https:\/\/www.groupe-sterne.com\/fr\/"},{"@type":"ListItem","position":2,"name":"Politique de confidentialit\u00e9"}]},{"@type":"WebSite","@id":"https:\/\/groupe-sterne.com\/fr\/#website","url":"https:\/\/groupe-sterne.com\/fr\/","name":"Groupe STERNE","description":"Votre sp\u00e9cialiste Premium Freight","publisher":{"@id":"https:\/\/groupe-sterne.com\/fr\/#organization"},"potentialAction":[{"@type":"SearchAction","target":{"@type":"EntryPoint","urlTemplate":"https:\/\/groupe-sterne.com\/fr\/?s={search_term_string}"},"query-input":{"@type":"PropertyValueSpecification","valueRequired":true,"valueName":"search_term_string"}}],"inLanguage":"fr-FR"},{"@type":"Organization","@id":"https:\/\/groupe-sterne.com\/fr\/#organization","name":"Groupe STERNE","url":"https:\/\/groupe-sterne.com\/fr\/","logo":{"@type":"ImageObject","inLanguage":"fr-FR","@id":"https:\/\/groupe-sterne.com\/fr\/#\/schema\/logo\/image\/","url":"https:\/\/groupe-sterne.com\/wp-content\/uploads\/2022\/02\/logo_sterne.png","contentUrl":"https:\/\/groupe-sterne.com\/wp-content\/uploads\/2022\/02\/logo_sterne.png","width":442,"height":116,"caption":"Groupe STERNE"},"image":{"@id":"https:\/\/groupe-sterne.com\/fr\/#\/schema\/logo\/image\/"}}]}},"_links":{"self":[{"href":"https:\/\/www.groupe-sterne.com\/fr\/wp-json\/wp\/v2\/pages\/5756","targetHints":{"allow":["GET"]}}],"collection":[{"href":"https:\/\/www.groupe-sterne.com\/fr\/wp-json\/wp\/v2\/pages"}],"about":[{"href":"https:\/\/www.groupe-sterne.com\/fr\/wp-json\/wp\/v2\/types\/page"}],"author":[{"embeddable":true,"href":"https:\/\/www.groupe-sterne.com\/fr\/wp-json\/wp\/v2\/users\/3"}],"replies":[{"embeddable":true,"href":"https:\/\/www.groupe-sterne.com\/fr\/wp-json\/wp\/v2\/comments?post=5756"}],"version-history":[{"count":7,"href":"https:\/\/www.groupe-sterne.com\/fr\/wp-json\/wp\/v2\/pages\/5756\/revisions"}],"predecessor-version":[{"id":9965,"href":"https:\/\/www.groupe-sterne.com\/fr\/wp-json\/wp\/v2\/pages\/5756\/revisions\/9965"}],"wp:attachment":[{"href":"https:\/\/www.groupe-sterne.com\/fr\/wp-json\/wp\/v2\/media?parent=5756"}],"curies":[{"name":"wp","href":"https:\/\/api.w.org\/{rel}","templated":true}]}}