{"id":5778,"date":"2022-04-07T22:35:46","date_gmt":"2022-04-07T20:35:46","guid":{"rendered":"https:\/\/groupe-sterne.com\/?page_id=5778"},"modified":"2022-06-30T11:23:55","modified_gmt":"2022-06-30T09:23:55","slug":"terms-and-conditions","status":"publish","type":"page","link":"https:\/\/www.groupe-sterne.com\/en\/terms-and-conditions\/","title":{"rendered":"Terms and conditions"},"content":{"rendered":"\t\t<div data-elementor-type=\"wp-page\" data-elementor-id=\"5778\" class=\"elementor elementor-5778 elementor-5777\" data-elementor-post-type=\"page\">\n\t\t\t\t\t\t<section class=\"elementor-section elementor-top-section elementor-element elementor-element-bc4acc9 elementor-section-boxed elementor-section-height-default elementor-section-height-default\" data-id=\"bc4acc9\" data-element_type=\"section\" data-e-type=\"section\">\n\t\t\t\t\t\t<div class=\"elementor-container elementor-column-gap-default\">\n\t\t\t\t\t<div class=\"elementor-column elementor-col-100 elementor-top-column elementor-element elementor-element-1826437\" data-id=\"1826437\" data-element_type=\"column\" data-e-type=\"column\">\n\t\t\t<div class=\"elementor-widget-wrap elementor-element-populated\">\n\t\t\t\t\t\t<div class=\"elementor-element elementor-element-04c8c16 elementor-widget elementor-widget-heading\" data-id=\"04c8c16\" data-element_type=\"widget\" data-e-type=\"widget\" data-widget_type=\"heading.default\">\n\t\t\t\t<div class=\"elementor-widget-container\">\n\t\t\t\t\t<h2 class=\"elementor-heading-title elementor-size-default\">LEGAL NOTICE<\/h2>\t\t\t\t<\/div>\n\t\t\t\t<\/div>\n\t\t\t\t<div class=\"elementor-element elementor-element-5c87f7e elementor-widget elementor-widget-heading\" data-id=\"5c87f7e\" data-element_type=\"widget\" data-e-type=\"widget\" data-widget_type=\"heading.default\">\n\t\t\t\t<div class=\"elementor-widget-container\">\n\t\t\t\t\t<h2 class=\"elementor-heading-title elementor-size-default\">Article 1 : Informations l\u00e9gales<\/h2>\t\t\t\t<\/div>\n\t\t\t\t<\/div>\n\t\t\t\t<div class=\"elementor-element elementor-element-6fb4533 elementor-widget elementor-widget-text-editor\" data-id=\"6fb4533\" data-element_type=\"widget\" data-e-type=\"widget\" data-widget_type=\"text-editor.default\">\n\t\t\t\t<div class=\"elementor-widget-container\">\n\t\t\t\t\t\t\t\t\t<p>STERNE number of SIRET: 82432302600024 \/ Editorial Person in charge: David Baribeau<\/p><p>3, rue Joseph Bonnet, 33000 BORDEAUX, Telephone :+33 (0)5 57 54 10 10 \u2013 Email : <a href=\"mailto:db*******@***********ne.com\" data-original-string=\"zx6yGssfNBdySFRFdtH41g==a12qK2gYkxZGX+WugpfItX931sEkmU0P1iYb5bwXYJ4M1E=\" title=\"This contact has been encoded by Anti-Spam by CleanTalk. Click to decode. To finish the decoding make sure that JavaScript is enabled in your browser.\"><span \n                data-original-string='\/37mDPdIyFpmOHJdGG2RzQ==a12hxqg93lim\/5FMstu3ABvv83Wp9T\/7OHpwrg7qMyv5DY='\n                class='apbct-email-encoder'\n                title='This contact has been encoded by Anti-Spam by CleanTalk. Click to decode. To finish the decoding make sure that JavaScript is enabled in your browser.'>db<span class=\"apbct-blur\">*******<\/span>@<span class=\"apbct-blur\">***********<\/span>ne.com<\/span><\/a><\/p><p>Website : <a href=\"http:\/\/www.groupe-sterne.com\/\">http:\/\/www.groupe-sterne.com\/<\/a><\/p>\t\t\t\t\t\t\t\t<\/div>\n\t\t\t\t<\/div>\n\t\t\t\t<div class=\"elementor-element elementor-element-3ddf352 elementor-widget elementor-widget-heading\" data-id=\"3ddf352\" data-element_type=\"widget\" data-e-type=\"widget\" data-widget_type=\"heading.default\">\n\t\t\t\t<div class=\"elementor-widget-container\">\n\t\t\t\t\t<h2 class=\"elementor-heading-title elementor-size-default\">Article 2 : Pr\u00e9sentation du site<\/h2>\t\t\t\t<\/div>\n\t\t\t\t<\/div>\n\t\t\t\t<div class=\"elementor-element elementor-element-c7d5df4 elementor-widget elementor-widget-text-editor\" data-id=\"c7d5df4\" data-element_type=\"widget\" data-e-type=\"widget\" data-widget_type=\"text-editor.default\">\n\t\t\t\t<div class=\"elementor-widget-container\">\n\t\t\t\t\t\t\t\t\t<p>Le site Sterne a pour objet\u00a0la pr\u00e9sentation des diff\u00e9rents services offerts par l\u2019entreprise.<\/p>\t\t\t\t\t\t\t\t<\/div>\n\t\t\t\t<\/div>\n\t\t\t\t<div class=\"elementor-element elementor-element-71ebf14 elementor-widget elementor-widget-heading\" data-id=\"71ebf14\" data-element_type=\"widget\" data-e-type=\"widget\" data-widget_type=\"heading.default\">\n\t\t\t\t<div class=\"elementor-widget-container\">\n\t\t\t\t\t<h2 class=\"elementor-heading-title elementor-size-default\">Article 3 : Contact<\/h2>\t\t\t\t<\/div>\n\t\t\t\t<\/div>\n\t\t\t\t<div class=\"elementor-element elementor-element-dae5d94 elementor-widget elementor-widget-text-editor\" data-id=\"dae5d94\" data-element_type=\"widget\" data-e-type=\"widget\" data-widget_type=\"text-editor.default\">\n\t\t\t\t<div class=\"elementor-widget-container\">\n\t\t\t\t\t\t\t\t\t<p>Pour toute question ou demande d\u2019information concernant le site, ou tout signalement de contenu ou d\u2019activit\u00e9s illicites, l\u2019utilisateur peut contacter l\u2019\u00e9diteur \u00e0 l\u2019adresse e-mail suivante\u00a0:\u00a0<a href=\"mailto:db*******@***********ne.com\" data-original-string=\"wXHB60D0BzByTsRg27fNqg==a12lHnZeayPezHm175qGZMqr4o+p6r1vNfVVdvxDn28d\/g=\" title=\"This contact has been encoded by Anti-Spam by CleanTalk. Click to decode. To finish the decoding make sure that JavaScript is enabled in your browser.\"><span \n                data-original-string='BJUI01OO3Vp2ibn21DTRgw==a12LKpB7sjlTYzHenr7zpfQbnU3Tdxfll\/9IbUT3Sjihy8='\n                class='apbct-email-encoder'\n                title='This contact has been encoded by Anti-Spam by CleanTalk. Click to decode. To finish the decoding make sure that JavaScript is enabled in your browser.'>db<span class=\"apbct-blur\">*******<\/span>@<span class=\"apbct-blur\">***********<\/span>ne.com<\/span><\/a>\u00a0ou adresser un courrier recommand\u00e9 avec accus\u00e9 de r\u00e9ception au Groupe Sterne, 3, rue Joseph Bonnet, 33000 BORDEAUX.<\/p>\t\t\t\t\t\t\t\t<\/div>\n\t\t\t\t<\/div>\n\t\t\t\t<div class=\"elementor-element elementor-element-b216971 elementor-widget elementor-widget-heading\" data-id=\"b216971\" data-element_type=\"widget\" data-e-type=\"widget\" data-widget_type=\"heading.default\">\n\t\t\t\t<div class=\"elementor-widget-container\">\n\t\t\t\t\t<h2 class=\"elementor-heading-title elementor-size-default\">Article 4 : Acceptation des utilisations d'utilisation<\/h2>\t\t\t\t<\/div>\n\t\t\t\t<\/div>\n\t\t\t\t<div class=\"elementor-element elementor-element-90e3383 elementor-widget elementor-widget-text-editor\" data-id=\"90e3383\" data-element_type=\"widget\" data-e-type=\"widget\" data-widget_type=\"text-editor.default\">\n\t\t\t\t<div class=\"elementor-widget-container\">\n\t\t\t\t\t\t\t\t\t<p>L\u2019acc\u00e8s et l\u2019utilisation du site sont soumis \u00e0 l\u2019acceptation et au respect des pr\u00e9sentes Conditions G\u00e9n\u00e9rales d\u2019Utilisation.<\/p><p>L\u2019\u00e9diteur se r\u00e9serve le droit de modifier, \u00e0 tout moment et sans pr\u00e9avis, le site et des services ainsi que les pr\u00e9sentes CGU, notamment pour s\u2019adapter aux \u00e9volutions du site par la mise \u00e0 disposition de nouvelles fonctionnalit\u00e9s ou la suppression ou la modification de fonctionnalit\u00e9s existantes.<\/p><p>Il est conseill\u00e9 \u00e0 l\u2019utilisateur de se r\u00e9f\u00e9rer avant toute navigation \u00e0 la derni\u00e8re version des CGU, accessible \u00e0 tout moment sur le site. En cas de d\u00a0d\u00e9saccord avec les CGU, aucun usage du site ne saurait \u00eatre effectu\u00e9 par l\u2019utilisateur.<\/p>\t\t\t\t\t\t\t\t<\/div>\n\t\t\t\t<\/div>\n\t\t\t\t<div class=\"elementor-element elementor-element-4eea9ac elementor-widget elementor-widget-heading\" data-id=\"4eea9ac\" data-element_type=\"widget\" data-e-type=\"widget\" data-widget_type=\"heading.default\">\n\t\t\t\t<div class=\"elementor-widget-container\">\n\t\t\t\t\t<h2 class=\"elementor-heading-title elementor-size-default\">Article 5 : Acc\u00e8s et navigation<\/h2>\t\t\t\t<\/div>\n\t\t\t\t<\/div>\n\t\t\t\t<div class=\"elementor-element elementor-element-62cfbb6 elementor-widget elementor-widget-text-editor\" data-id=\"62cfbb6\" data-element_type=\"widget\" data-e-type=\"widget\" data-widget_type=\"text-editor.default\">\n\t\t\t\t<div class=\"elementor-widget-container\">\n\t\t\t\t\t\t\t\t\t<p>L\u2019\u00e9diteur met en \u0153uvre les solutions techniques \u00e0 sa disposition pour permettre l\u2019acc\u00e8s au site 24 heures sur 24, 7 jours sur 7. Il pourra n\u00e9anmoins \u00e0 tout moment suspendre, limiter ou interrompre l\u2019acc\u00e8s au site ou \u00e0 certaines pages de celui-ci afin de proc\u00e9der \u00e0 des mises \u00e0 jours, des modifications de son contenu ou tout autre action jug\u00e9e n\u00e9cessaire au bon fonctionnement du site.<\/p><p>La connexion et la navigation sur le site Sterne valent acceptation sans r\u00e9serve des pr\u00e9sentes CGU, quelques soient les moyens techniques d\u2019acc\u00e8s et les terminaux utilis\u00e9s.<\/p><p>Les pr\u00e9sentes CGU s\u2019appliquent, en tant que besoin, \u00e0 toute d\u00e9clinaison ou extension du site sur les r\u00e9seaux sociaux et\/ou communautaires existants ou \u00e0 venir.<\/p>\t\t\t\t\t\t\t\t<\/div>\n\t\t\t\t<\/div>\n\t\t\t\t<div class=\"elementor-element elementor-element-0744802 elementor-widget elementor-widget-heading\" data-id=\"0744802\" data-element_type=\"widget\" data-e-type=\"widget\" data-widget_type=\"heading.default\">\n\t\t\t\t<div class=\"elementor-widget-container\">\n\t\t\t\t\t<h2 class=\"elementor-heading-title elementor-size-default\">Article 6 : Gestion du site<\/h2>\t\t\t\t<\/div>\n\t\t\t\t<\/div>\n\t\t\t\t<div class=\"elementor-element elementor-element-0d70245 elementor-widget elementor-widget-text-editor\" data-id=\"0d70245\" data-element_type=\"widget\" data-e-type=\"widget\" data-widget_type=\"text-editor.default\">\n\t\t\t\t<div class=\"elementor-widget-container\">\n\t\t\t\t\t\t\t\t\t<p><strong>\u00a0<\/strong>Pour la bonne gestion du site, l\u2019\u00e9diteur pourra \u00e0 tout moment\u00a0:<\/p><ul><li>Suspendre, interrompre ou limiter l\u2019acc\u00e8s \u00e0 tout ou partie du site, r\u00e9server l\u2019acc\u00e8s au site, ou \u00e0 certaines partie du site, \u00e0 une cat\u00e9gorie d\u00e9termin\u00e9e d\u2019internaute\u00a0;<\/li><li>Supprimer toute information pouvant en perturber le fonctionnement ou entrant en contravention avec les lois nationales ou internationales, ou avec les r\u00e8gles de la N\u00e9tiquette<\/li><li>Suspendre le site afin de proc\u00e9der \u00e0 des mises \u00e0 jour.<\/li><\/ul>\t\t\t\t\t\t\t\t<\/div>\n\t\t\t\t<\/div>\n\t\t\t\t<div class=\"elementor-element elementor-element-321e2fa elementor-widget elementor-widget-heading\" data-id=\"321e2fa\" data-element_type=\"widget\" data-e-type=\"widget\" data-widget_type=\"heading.default\">\n\t\t\t\t<div class=\"elementor-widget-container\">\n\t\t\t\t\t<h2 class=\"elementor-heading-title elementor-size-default\">Article 8 : Responsabilit\u00e9s<\/h2>\t\t\t\t<\/div>\n\t\t\t\t<\/div>\n\t\t\t\t<div class=\"elementor-element elementor-element-3eb3980 elementor-widget elementor-widget-text-editor\" data-id=\"3eb3980\" data-element_type=\"widget\" data-e-type=\"widget\" data-widget_type=\"text-editor.default\">\n\t\t\t\t<div class=\"elementor-widget-container\">\n\t\t\t\t\t\t\t\t\t<p>L\u2019\u00e9diteur n\u2019est \u00a0responsable que du contenu qu\u2019il a lui-m\u00eame \u00e9dit\u00e9.<\/p><p>L\u2019\u00e9diteur n\u2019est pas responsable\u00a0:<\/p><ul><li>En cas de probl\u00e9matiques ou d\u00e9faillances techniques, informatiques ou de compatibilit\u00e9 du site avec un mat\u00e9riel ou logiciel quel qu\u2019il soit\u00a0;<\/li><li>Des dommages directs ou indirects, mat\u00e9riels ou immat\u00e9riels, pr\u00e9visibles ou impr\u00e9visibles r\u00e9sultant de l\u2019utilisation ou des difficult\u00e9s d\u2019utilisation du site ou de ses services\u00a0;<\/li><li>Des caract\u00e9ristiques intrins\u00e8ques de l\u2019Internet, notamment celles relatives au manque de fiabilit\u00e9 et au d\u00e9faut de s\u00e9curisation des informations y circulant\u00a0;<\/li><\/ul><p>Par ailleurs, le site ne saurait garantir l\u2019exactitude, la compl\u00e9tude, et l\u2019actualit\u00e9 des informations qui y sont diffus\u00e9es.<\/p><p>L\u2019utilisateur est responsable\u00a0:<\/p><ul><li>De la protection de son mat\u00e9riel et de ses donn\u00e9es\u00a0;<\/li><li>De l\u2019utilisation qu\u2019il fait du site ou de ses services\u00a0;<\/li><li>S\u2019il ne respecte ni la lettre, ni l\u2019esprit des pr\u00e9sentes CGU.<\/li><\/ul>\t\t\t\t\t\t\t\t<\/div>\n\t\t\t\t<\/div>\n\t\t\t\t<div class=\"elementor-element elementor-element-c1ec5e7 elementor-widget elementor-widget-heading\" data-id=\"c1ec5e7\" data-element_type=\"widget\" data-e-type=\"widget\" data-widget_type=\"heading.default\">\n\t\t\t\t<div class=\"elementor-widget-container\">\n\t\t\t\t\t<h2 class=\"elementor-heading-title elementor-size-default\">Article 9 : Liens hypertextes<\/h2>\t\t\t\t<\/div>\n\t\t\t\t<\/div>\n\t\t\t\t<div class=\"elementor-element elementor-element-61e87a7 elementor-widget elementor-widget-text-editor\" data-id=\"61e87a7\" data-element_type=\"widget\" data-e-type=\"widget\" data-widget_type=\"text-editor.default\">\n\t\t\t\t<div class=\"elementor-widget-container\">\n\t\t\t\t\t\t\t\t\t<p>Le site peut contenir des liens hypertextes pointant vers d\u2019autres sites internet sur lesquels Sterne n\u2019exerce pas de contr\u00f4le. Malgr\u00e9 les v\u00e9rifications pr\u00e9alables et r\u00e9guli\u00e8res r\u00e9alis\u00e9s par l\u2019\u00e9diteur, celui-ci d\u00e9cline toute responsabilit\u00e9 quant aux contenus qu\u2019il est possible de trouver sur ces sites.<\/p><p>L\u2019\u00e9diteur autorise la mise en place des liens hypertextes vers toute page ou document de son site sous r\u00e9serve que la mise en place de ces liens ne soit pas r\u00e9alis\u00e9e \u00e0 des fins commerciales ou publicitaires.<\/p><p>En outre, l\u2019information pr\u00e9alable de l\u2019\u00e9diteur du site est n\u00e9cessaire avant toute mise en place de lien hypertexte<\/p><p>Enfin, Sterne se r\u00e9serve le droit de faire supprimer \u00e0 tout moment un lien hypertexte pointant vers son site, si le site l\u2019estime non conforme \u00e0 sa politique \u00e9ditoriale.<\/p>\t\t\t\t\t\t\t\t<\/div>\n\t\t\t\t<\/div>\n\t\t\t\t<div class=\"elementor-element elementor-element-38171e0 elementor-widget elementor-widget-heading\" data-id=\"38171e0\" data-element_type=\"widget\" data-e-type=\"widget\" data-widget_type=\"heading.default\">\n\t\t\t\t<div class=\"elementor-widget-container\">\n\t\t\t\t\t<h2 class=\"elementor-heading-title elementor-size-default\">Article 10 : Confidentialit\u00e9<\/h2>\t\t\t\t<\/div>\n\t\t\t\t<\/div>\n\t\t\t\t<div class=\"elementor-element elementor-element-661ebea elementor-widget elementor-widget-text-editor\" data-id=\"661ebea\" data-element_type=\"widget\" data-e-type=\"widget\" data-widget_type=\"text-editor.default\">\n\t\t\t\t<div class=\"elementor-widget-container\">\n\t\t\t\t\t\t\t\t\t<p>En plus des pr\u00e9sentes CGU, le site dispose d\u2019une politique de confidentialit\u00e9 qui d\u00e9crit la mani\u00e8re dont les donn\u00e9es \u00e0 caract\u00e8re personnel sont trait\u00e9es lorsque l\u2019utilisateur se rend sur le site, ainsi que la mani\u00e8re dont les cookies sont utilis\u00e9s.<\/p>\t\t\t\t\t\t\t\t<\/div>\n\t\t\t\t<\/div>\n\t\t\t\t<div class=\"elementor-element elementor-element-5ded9f9 elementor-widget elementor-widget-heading\" data-id=\"5ded9f9\" data-element_type=\"widget\" data-e-type=\"widget\" data-widget_type=\"heading.default\">\n\t\t\t\t<div class=\"elementor-widget-container\">\n\t\t\t\t\t<h2 class=\"elementor-heading-title elementor-size-default\">Article 11 : Propri\u00e9t\u00e9 intellectuelle<\/h2>\t\t\t\t<\/div>\n\t\t\t\t<\/div>\n\t\t\t\t<div class=\"elementor-element elementor-element-28facca elementor-widget elementor-widget-text-editor\" data-id=\"28facca\" data-element_type=\"widget\" data-e-type=\"widget\" data-widget_type=\"text-editor.default\">\n\t\t\t\t<div class=\"elementor-widget-container\">\n\t\t\t\t\t\t\t\t\t<p>La structuration du site mais aussi les textes, graphiques, images, photographies, sons, vid\u00e9os et applications informatiques qui le composent sont la propri\u00e9t\u00e9 de l\u2019\u00e9diteur et sont prot\u00e9g\u00e9s comme tels par les lois en vigueurs de la propri\u00e9t\u00e9 intellectuelle.<\/p><p>Toute repr\u00e9sentation, reproduction, adaptation ou exploitation partielle ou totale des contenus\u00a0; marques d\u00e9pos\u00e9es et services propos\u00e9s par le site, par quelque proc\u00e9d\u00e9 que ce soit, sans l\u2019autorisation pr\u00e9alable, expresse et \u00e9crite de l\u2019\u00e9diteur, est strictement interdite et serait susceptible de constituer une contrefa\u00e7on au sens de l\u2019article L.335-2 et suivants du Code de la propri\u00e9t\u00e9 intellectuelle. Et ce, \u00e0 l\u2019exception des \u00e9l\u00e9ments express\u00e9ment d\u00e9sign\u00e9s comme libres de droits sur le site.<\/p><p>L\u2019acc\u00e8s au site ne vaut pas reconnaissance d\u2019un droit et, de mani\u00e8re g\u00e9n\u00e9rale, ne conf\u00e8re aucun droit de propri\u00e9t\u00e9 intellectuelle relatif \u00e0 un \u00e9l\u00e9ment du site, lesquels restent la propri\u00e9t\u00e9 exclusive de l\u2019\u00e9diteur.<\/p><p>Il est interdit \u00e0 l\u2019utilisateur d\u2019introduire des donn\u00e9es sur le site qui modifieraient ou qui seraient susceptible d\u2019en modifier le contenu ou l\u2019apparence.<\/p>\t\t\t\t\t\t\t\t<\/div>\n\t\t\t\t<\/div>\n\t\t\t\t\t<\/div>\n\t\t<\/div>\n\t\t\t\t\t<\/div>\n\t\t<\/section>\n\t\t\t\t<\/div>\n\t\t","protected":false},"excerpt":{"rendered":"<p>LEGAL NOTICE Article 1 : Informations l\u00e9gales STERNE number of SIRET: 82432302600024 \/ Editorial Person in charge: David Baribeau 3, rue Joseph Bonnet, 33000 BORDEAUX, Telephone :+33 (0)5 57 54 10 10 \u2013 Email : db*******@***********ne.com Website : http:\/\/www.groupe-sterne.com\/ Article 2 : Pr\u00e9sentation du site Le site Sterne a pour objet\u00a0la pr\u00e9sentation des diff\u00e9rents services [&hellip;]<\/p>\n","protected":false},"author":3,"featured_media":0,"parent":0,"menu_order":0,"comment_status":"closed","ping_status":"closed","template":"","meta":{"_acf_changed":false,"footnotes":""},"class_list":["post-5778","page","type-page","status-publish","hentry"],"acf":[],"yoast_head":"<!-- This site is optimized with the Yoast SEO Premium plugin v25.3 (Yoast SEO v27.3) - https:\/\/yoast.com\/product\/yoast-seo-premium-wordpress\/ -->\n<title>Terms and conditions &#8226; Groupe STERNE<\/title>\n<meta name=\"robots\" content=\"index, follow, max-snippet:-1, max-image-preview:large, max-video-preview:-1\" \/>\n<link rel=\"canonical\" href=\"https:\/\/www.groupe-sterne.com\/en\/terms-and-conditions\/\" \/>\n<meta property=\"og:locale\" content=\"en_US\" \/>\n<meta property=\"og:type\" content=\"article\" \/>\n<meta property=\"og:title\" content=\"Terms and conditions\" \/>\n<meta property=\"og:description\" content=\"LEGAL NOTICE Article 1 : Informations l\u00e9gales STERNE number of SIRET: 82432302600024 \/ Editorial Person in charge: David Baribeau 3, rue Joseph Bonnet, 33000 BORDEAUX, Telephone :+33 (0)5 57 54 10 10 \u2013 Email : db*******@***********ne.com Website : http:\/\/www.groupe-sterne.com\/ Article 2 : Pr\u00e9sentation du site Le site Sterne a pour objet\u00a0la pr\u00e9sentation des diff\u00e9rents services [&hellip;]\" \/>\n<meta property=\"og:url\" content=\"https:\/\/www.groupe-sterne.com\/en\/terms-and-conditions\/\" \/>\n<meta property=\"og:site_name\" content=\"Groupe STERNE\" \/>\n<meta property=\"article:modified_time\" content=\"2022-06-30T09:23:55+00:00\" \/>\n<meta name=\"twitter:card\" content=\"summary_large_image\" \/>\n<meta name=\"twitter:label1\" content=\"Est. reading time\" \/>\n\t<meta name=\"twitter:data1\" content=\"5 minutes\" \/>\n<script type=\"application\/ld+json\" class=\"yoast-schema-graph\">{\"@context\":\"https:\\\/\\\/schema.org\",\"@graph\":[{\"@type\":\"WebPage\",\"@id\":\"https:\\\/\\\/www.groupe-sterne.com\\\/en\\\/terms-and-conditions\\\/\",\"url\":\"https:\\\/\\\/www.groupe-sterne.com\\\/en\\\/terms-and-conditions\\\/\",\"name\":\"Terms and conditions &#8226; Groupe STERNE\",\"isPartOf\":{\"@id\":\"https:\\\/\\\/groupe-sterne.com\\\/fr\\\/#website\"},\"datePublished\":\"2022-04-07T20:35:46+00:00\",\"dateModified\":\"2022-06-30T09:23:55+00:00\",\"breadcrumb\":{\"@id\":\"https:\\\/\\\/www.groupe-sterne.com\\\/en\\\/terms-and-conditions\\\/#breadcrumb\"},\"inLanguage\":\"en-US\",\"potentialAction\":[{\"@type\":\"ReadAction\",\"target\":[\"https:\\\/\\\/www.groupe-sterne.com\\\/en\\\/terms-and-conditions\\\/\"]}]},{\"@type\":\"BreadcrumbList\",\"@id\":\"https:\\\/\\\/www.groupe-sterne.com\\\/en\\\/terms-and-conditions\\\/#breadcrumb\",\"itemListElement\":[{\"@type\":\"ListItem\",\"position\":1,\"name\":\"Accueil\",\"item\":\"https:\\\/\\\/www.groupe-sterne.com\\\/fr\\\/\"},{\"@type\":\"ListItem\",\"position\":2,\"name\":\"Terms and conditions\"}]},{\"@type\":\"WebSite\",\"@id\":\"https:\\\/\\\/groupe-sterne.com\\\/fr\\\/#website\",\"url\":\"https:\\\/\\\/groupe-sterne.com\\\/fr\\\/\",\"name\":\"Groupe STERNE\",\"description\":\"Votre sp\u00e9cialiste Premium Freight\",\"publisher\":{\"@id\":\"https:\\\/\\\/groupe-sterne.com\\\/fr\\\/#organization\"},\"potentialAction\":[{\"@type\":\"SearchAction\",\"target\":{\"@type\":\"EntryPoint\",\"urlTemplate\":\"https:\\\/\\\/groupe-sterne.com\\\/fr\\\/?s={search_term_string}\"},\"query-input\":{\"@type\":\"PropertyValueSpecification\",\"valueRequired\":true,\"valueName\":\"search_term_string\"}}],\"inLanguage\":\"en-US\"},{\"@type\":\"Organization\",\"@id\":\"https:\\\/\\\/groupe-sterne.com\\\/fr\\\/#organization\",\"name\":\"Groupe STERNE\",\"url\":\"https:\\\/\\\/groupe-sterne.com\\\/fr\\\/\",\"logo\":{\"@type\":\"ImageObject\",\"inLanguage\":\"en-US\",\"@id\":\"https:\\\/\\\/groupe-sterne.com\\\/fr\\\/#\\\/schema\\\/logo\\\/image\\\/\",\"url\":\"https:\\\/\\\/groupe-sterne.com\\\/wp-content\\\/uploads\\\/2022\\\/02\\\/logo_sterne.png\",\"contentUrl\":\"https:\\\/\\\/groupe-sterne.com\\\/wp-content\\\/uploads\\\/2022\\\/02\\\/logo_sterne.png\",\"width\":442,\"height\":116,\"caption\":\"Groupe STERNE\"},\"image\":{\"@id\":\"https:\\\/\\\/groupe-sterne.com\\\/fr\\\/#\\\/schema\\\/logo\\\/image\\\/\"}}]}<\/script>\n<!-- \/ Yoast SEO Premium plugin. -->","yoast_head_json":{"title":"Terms and conditions &#8226; Groupe STERNE","robots":{"index":"index","follow":"follow","max-snippet":"max-snippet:-1","max-image-preview":"max-image-preview:large","max-video-preview":"max-video-preview:-1"},"canonical":"https:\/\/www.groupe-sterne.com\/en\/terms-and-conditions\/","og_locale":"en_US","og_type":"article","og_title":"Terms and conditions","og_description":"LEGAL NOTICE Article 1 : Informations l\u00e9gales STERNE number of SIRET: 82432302600024 \/ Editorial Person in charge: David Baribeau 3, rue Joseph Bonnet, 33000 BORDEAUX, Telephone :+33 (0)5 57 54 10 10 \u2013 Email : db*******@***********ne.com Website : http:\/\/www.groupe-sterne.com\/ Article 2 : Pr\u00e9sentation du site Le site Sterne a pour objet\u00a0la pr\u00e9sentation des diff\u00e9rents services [&hellip;]","og_url":"https:\/\/www.groupe-sterne.com\/en\/terms-and-conditions\/","og_site_name":"Groupe STERNE","article_modified_time":"2022-06-30T09:23:55+00:00","twitter_card":"summary_large_image","twitter_misc":{"Est. reading time":"5 minutes"},"schema":{"@context":"https:\/\/schema.org","@graph":[{"@type":"WebPage","@id":"https:\/\/www.groupe-sterne.com\/en\/terms-and-conditions\/","url":"https:\/\/www.groupe-sterne.com\/en\/terms-and-conditions\/","name":"Terms and conditions &#8226; Groupe STERNE","isPartOf":{"@id":"https:\/\/groupe-sterne.com\/fr\/#website"},"datePublished":"2022-04-07T20:35:46+00:00","dateModified":"2022-06-30T09:23:55+00:00","breadcrumb":{"@id":"https:\/\/www.groupe-sterne.com\/en\/terms-and-conditions\/#breadcrumb"},"inLanguage":"en-US","potentialAction":[{"@type":"ReadAction","target":["https:\/\/www.groupe-sterne.com\/en\/terms-and-conditions\/"]}]},{"@type":"BreadcrumbList","@id":"https:\/\/www.groupe-sterne.com\/en\/terms-and-conditions\/#breadcrumb","itemListElement":[{"@type":"ListItem","position":1,"name":"Accueil","item":"https:\/\/www.groupe-sterne.com\/fr\/"},{"@type":"ListItem","position":2,"name":"Terms and conditions"}]},{"@type":"WebSite","@id":"https:\/\/groupe-sterne.com\/fr\/#website","url":"https:\/\/groupe-sterne.com\/fr\/","name":"Groupe STERNE","description":"Votre sp\u00e9cialiste Premium Freight","publisher":{"@id":"https:\/\/groupe-sterne.com\/fr\/#organization"},"potentialAction":[{"@type":"SearchAction","target":{"@type":"EntryPoint","urlTemplate":"https:\/\/groupe-sterne.com\/fr\/?s={search_term_string}"},"query-input":{"@type":"PropertyValueSpecification","valueRequired":true,"valueName":"search_term_string"}}],"inLanguage":"en-US"},{"@type":"Organization","@id":"https:\/\/groupe-sterne.com\/fr\/#organization","name":"Groupe STERNE","url":"https:\/\/groupe-sterne.com\/fr\/","logo":{"@type":"ImageObject","inLanguage":"en-US","@id":"https:\/\/groupe-sterne.com\/fr\/#\/schema\/logo\/image\/","url":"https:\/\/groupe-sterne.com\/wp-content\/uploads\/2022\/02\/logo_sterne.png","contentUrl":"https:\/\/groupe-sterne.com\/wp-content\/uploads\/2022\/02\/logo_sterne.png","width":442,"height":116,"caption":"Groupe STERNE"},"image":{"@id":"https:\/\/groupe-sterne.com\/fr\/#\/schema\/logo\/image\/"}}]}},"_links":{"self":[{"href":"https:\/\/www.groupe-sterne.com\/en\/wp-json\/wp\/v2\/pages\/5778","targetHints":{"allow":["GET"]}}],"collection":[{"href":"https:\/\/www.groupe-sterne.com\/en\/wp-json\/wp\/v2\/pages"}],"about":[{"href":"https:\/\/www.groupe-sterne.com\/en\/wp-json\/wp\/v2\/types\/page"}],"author":[{"embeddable":true,"href":"https:\/\/www.groupe-sterne.com\/en\/wp-json\/wp\/v2\/users\/3"}],"replies":[{"embeddable":true,"href":"https:\/\/www.groupe-sterne.com\/en\/wp-json\/wp\/v2\/comments?post=5778"}],"version-history":[{"count":0,"href":"https:\/\/www.groupe-sterne.com\/en\/wp-json\/wp\/v2\/pages\/5778\/revisions"}],"wp:attachment":[{"href":"https:\/\/www.groupe-sterne.com\/en\/wp-json\/wp\/v2\/media?parent=5778"}],"curies":[{"name":"wp","href":"https:\/\/api.w.org\/{rel}","templated":true}]}}